{"id":325,"date":"2019-03-04T17:56:38","date_gmt":"2019-03-04T16:56:38","guid":{"rendered":"https:\/\/interco-international.com\/?page_id=325"},"modified":"2019-04-04T11:49:05","modified_gmt":"2019-04-04T09:49:05","slug":"filieres-dexcellence-interco","status":"publish","type":"page","link":"https:\/\/interco-international.com\/fr\/filieres-dexcellence-interco\/","title":{"rendered":"Fili\u00e8res d\u2019excellence"},"content":{"rendered":"<p>[et_pb_section fb_built=\u00a0\u00bb1&Prime; custom_padding_last_edited=\u00a0\u00bbon|desktop\u00a0\u00bb module_id=\u00a0\u00bbmap-aquitaine\u00a0\u00bb _builder_version=\u00a0\u00bb3.20.1&Prime; custom_padding=\u00a0\u00bb17vh||17vh||true|false\u00a0\u00bb custom_padding_phone=\u00a0\u00bb0||0||true|false\u00a0\u00bb][et_pb_row _builder_version=\u00a0\u00bb3.19.18&Prime;][et_pb_column type=\u00a0\u00bb4_4&Prime; _builder_version=\u00a0\u00bb3.0.47&Prime;][et_pb_text _builder_version=\u00a0\u00bb3.20.1&Prime; text_font=\u00a0\u00bb||||||||\u00a0\u00bb header_font=\u00a0\u00bb||||||||\u00a0\u00bb header_2_font=\u00a0\u00bb|700|||||||\u00a0\u00bb header_2_text_color=\u00a0\u00bb#000000&Prime; header_2_font_size=\u00a0\u00bb50px\u00a0\u00bb header_2_font_size_phone=\u00a0\u00bb50px\u00a0\u00bb header_2_font_size_last_edited=\u00a0\u00bbon|phone\u00a0\u00bb header_3_font=\u00a0\u00bb||||||||\u00a0\u00bb header_3_text_align=\u00a0\u00bbcenter\u00a0\u00bb header_3_text_color=\u00a0\u00bb#000000&Prime; header_3_font_size=\u00a0\u00bb46px\u00a0\u00bb]<\/p>\n<h2 style=\"text-align: center;\">Nouvelle-Aquitaine<\/h2>\n<p>[\/et_pb_text][\/et_pb_column][\/et_pb_row][et_pb_row _builder_version=\u00a0\u00bb3.0.48&Prime; background_size=\u00a0\u00bbinitial\u00a0\u00bb background_position=\u00a0\u00bbtop_left\u00a0\u00bb background_repeat=\u00a0\u00bbrepeat\u00a0\u00bb][et_pb_column type=\u00a0\u00bb1_3&Prime; _builder_version=\u00a0\u00bb3.0.47&Prime;][et_pb_text _builder_version=\u00a0\u00bb3.19.18&Prime; text_font=\u00a0\u00bb|700|||||||\u00a0\u00bb text_font_size=\u00a0\u00bb25px\u00a0\u00bb header_font=\u00a0\u00bb||||||||\u00a0\u00bb]<\/p>\n<p style=\"text-align: center;\"><strong class=\"fs-30\">6 millions<\/strong><br \/><strong><span class=\"fs14\" style=\"color: #c51532;\">d&rsquo;habitants\u00a0<\/span><\/strong><\/p>\n<p>[\/et_pb_text][\/et_pb_column][et_pb_column type=\u00a0\u00bb1_3&Prime; _builder_version=\u00a0\u00bb3.0.47&Prime;][et_pb_text _builder_version=\u00a0\u00bb3.19.18&Prime; text_font=\u00a0\u00bb|700|||||||\u00a0\u00bb text_font_size=\u00a0\u00bb25px\u00a0\u00bb header_font=\u00a0\u00bb||||||||\u00a0\u00bb]<\/p>\n<p style=\"text-align: center;\"><strong class=\"fs-30\">84 000<\/strong><br \/><strong><span class=\"fs14\" style=\"color: #c51532;\">km\u00b2\u00a0<\/span><\/strong><\/p>\n<p>[\/et_pb_text][\/et_pb_column][et_pb_column type=\u00a0\u00bb1_3&Prime; _builder_version=\u00a0\u00bb3.0.47&Prime;][et_pb_text _builder_version=\u00a0\u00bb3.19.18&Prime; text_font=\u00a0\u00bb|700|||||||\u00a0\u00bb text_font_size=\u00a0\u00bb25px\u00a0\u00bb header_font=\u00a0\u00bb||||||||\u00a0\u00bb]<\/p>\n<p style=\"text-align: center;\"><strong class=\"fs-30\">27 millions<\/strong><br \/><strong><span class=\"fs14\" style=\"color: #c51532;\">touristes\/an\u00a0<\/span><\/strong><\/p>\n<p>[\/et_pb_text][\/et_pb_column][\/et_pb_row][\/et_pb_section][et_pb_section fb_built=\u00a0\u00bb1&Prime; _builder_version=\u00a0\u00bb3.21&Prime; use_background_color_gradient=\u00a0\u00bbon\u00a0\u00bb background_color_gradient_start=\u00a0\u00bbrgba(197,21,50,0.8)\u00a0\u00bb background_color_gradient_end=\u00a0\u00bbrgba(197,21,50,0.8)\u00a0\u00bb background_color_gradient_overlays_image=\u00a0\u00bbon\u00a0\u00bb background_image=\u00a0\u00bbhttps:\/\/interco-international.com\/wp-content\/uploads\/2019\/03\/interco-poles-de-competitivite.jpg\u00a0\u00bb border_color_top=\u00a0\u00bbrgba(197,21,50,0.66)\u00a0\u00bb border_style_top=\u00a0\u00bboutset\u00a0\u00bb border_color_bottom=\u00a0\u00bbrgba(197,21,50,0.66)\u00a0\u00bb border_style_bottom=\u00a0\u00bboutset\u00a0\u00bb custom_padding=\u00a0\u00bb12vh||8vh|\u00a0\u00bb][et_pb_row custom_padding=\u00a0\u00bb32.9531px|0px|0|0px|false|false\u00a0\u00bb disabled_on=\u00a0\u00bboff|off|off\u00a0\u00bb module_class=\u00a0\u00bbd-flex align-items-end\u00a0\u00bb _builder_version=\u00a0\u00bb3.21&Prime;][et_pb_column type=\u00a0\u00bb1_3&Prime; _builder_version=\u00a0\u00bb3.0.47&Prime;][et_pb_text _builder_version=\u00a0\u00bb3.21&Prime; text_font=\u00a0\u00bb|700|||||||\u00a0\u00bb text_text_color=\u00a0\u00bb#FFFFFF\u00a0\u00bb text_font_size=\u00a0\u00bb20px\u00a0\u00bb text_orientation=\u00a0\u00bbright\u00a0\u00bb]<\/p>\n<h3 class=\"p1\"><span class=\"s1\" style=\"color: #ffffff;\">Nouvelle-Aquitaine, la plus vaste r\u00e9gion de France et un formidable potentiel \u00e9conomique \u00e0 promouvoir hors de nos fronti\u00e8res<\/span><\/h3>\n<p>[\/et_pb_text][\/et_pb_column][et_pb_column type=\u00a0\u00bb2_3&Prime; _builder_version=\u00a0\u00bb3.0.47&Prime;][et_pb_text disabled_on=\u00a0\u00bboff|off|off\u00a0\u00bb _builder_version=\u00a0\u00bb3.21&Prime; text_text_color=\u00a0\u00bb#ffffff\u00a0\u00bb link_font=\u00a0\u00bb|700|||on||||\u00a0\u00bb link_text_color=\u00a0\u00bb#ffffff\u00a0\u00bb header_3_text_color=\u00a0\u00bb#ffffff\u00a0\u00bb border_width_left=\u00a0\u00bb4px\u00a0\u00bb border_color_left=\u00a0\u00bb#ffffff\u00a0\u00bb custom_padding=\u00a0\u00bb|||30px\u00a0\u00bb]<\/p>\n<h3>INTERCO aux c\u00f4t\u00e9s du Conseil R\u00e9gional de Nouvelle-Aquitaine<\/h3>\n<p>V\u00e9ritable bras arm\u00e9 du Conseil R\u00e9gional en mati\u00e8re de coop\u00e9ration internationale, l\u2019agence agit en compl\u00e9mentarit\u00e9 des actions de coop\u00e9ration d\u00e9centralis\u00e9e de la r\u00e9gion en concertation avec les \u00e9quipes du service export et du p\u00f4le Europe et International. Interco est notamment au c\u0153ur des dispositifs d\u2019internationalisation des \u00e9cosyst\u00e8mes r\u00e9gionaux tels que l\u2019<a href=\"https:\/\/www.nouvelle-aquitaine.fr\/dispositifs-region\/international-encourager-ouverture-ecosystemes.html#gref\" target=\"_blank\" rel=\"noopener\">appel \u00e0 manifestation d\u2019int\u00e9r\u00eat SIRENA<\/a> et membre \u00e0 part enti\u00e8re de la team Export r\u00e9gionale sous la banni\u00e8re \u00ab Connect International Nouvelle \u2013 Aquitaine \u00bb.<\/p>\n<p><strong>Petite structure souple et accessible, l\u2019agence est le pendant technique de la coop\u00e9ration institutionnelle.<\/strong><\/p>\n<p><a class=\"btn-arrow\" href=\"https:\/\/www.nouvelle-aquitaine.fr\/actions\/region-ouverte-au-monde\/developper-cooperations.html#gref\" target=\"_blank\" rel=\"noopener\">Carte des coop\u00e9rations d\u00e9centralis\u00e9es de la r\u00e9gion<\/a><\/p>\n<p>[\/et_pb_text][\/et_pb_column][\/et_pb_row][\/et_pb_section][et_pb_section fb_built=\u00a0\u00bb1&Prime; _builder_version=\u00a0\u00bb3.19.18&Prime; border_color_top=\u00a0\u00bbrgba(197,21,50,0.66)\u00a0\u00bb border_style_top=\u00a0\u00bboutset\u00a0\u00bb border_color_bottom=\u00a0\u00bbrgba(197,21,50,0.66)\u00a0\u00bb border_style_bottom=\u00a0\u00bboutset\u00a0\u00bb custom_padding=\u00a0\u00bb5vh||5vh||true|false\u00a0\u00bb][et_pb_row _builder_version=\u00a0\u00bb3.19.18&Prime;][et_pb_column type=\u00a0\u00bb1_2&Prime; _builder_version=\u00a0\u00bb3.0.47&Prime;][et_pb_text _builder_version=\u00a0\u00bb3.21&Prime; text_font=\u00a0\u00bb|700|||||||\u00a0\u00bb text_text_color=\u00a0\u00bb#000000&Prime; text_font_size=\u00a0\u00bb20px\u00a0\u00bb]<\/p>\n<ul>\n<li>720 km(s) de littoral<\/li>\n<li>22 milliards \u20ac d\u2019export<\/li>\n<li>1<sup>\u00e8re<\/sup> r\u00e9gion agricole\u00a0europ\u00e9enne en CA<\/li>\n<li>1<sup>\u00e8re<\/sup> r\u00e9gion en surfaces agricoles bois\u00e9es de France m\u00e9tropolitaine<\/li>\n<\/ul>\n<p>[\/et_pb_text][\/et_pb_column][et_pb_column type=\u00a0\u00bb1_2&Prime; _builder_version=\u00a0\u00bb3.0.47&Prime;][et_pb_text _builder_version=\u00a0\u00bb3.21&Prime; text_font=\u00a0\u00bb|700|||||||\u00a0\u00bb text_text_color=\u00a0\u00bb#000000&Prime; text_font_size=\u00a0\u00bb20px\u00a0\u00bb]<\/p>\n<ul>\n<li>10 villes de plus de 100 000 habitants<\/li>\n<li>PIB de 158 milliards \u20ac<\/li>\n<li>1<sup style=\"background-color: initial; color: inherit; text-align: inherit; font-family: sans-serif;\">\u00e8re<\/sup><span style=\"font-family: sans-serif;\"> r\u00e9gion fran\u00e7aise en Recherche & D\u00e9veloppement<\/span><\/li>\n<\/ul>\n<p>[\/et_pb_text][\/et_pb_column][\/et_pb_row][\/et_pb_section][et_pb_section fb_built=\u00a0\u00bb1&Prime; _builder_version=\u00a0\u00bb3.21&Prime; background_color=\u00a0\u00bb#c51532&Prime;][et_pb_row _builder_version=\u00a0\u00bb3.21&Prime;][et_pb_column type=\u00a0\u00bb1_2&Prime; _builder_version=\u00a0\u00bb3.0.47&Prime;][et_pb_text _builder_version=\u00a0\u00bb3.21&Prime; text_text_color=\u00a0\u00bb#ffffff\u00a0\u00bb header_2_text_color=\u00a0\u00bb#ffffff\u00a0\u00bb]<\/p>\n<h2>INTERCO, une expertise reconnue et labellis\u00e9e \u00abExpertise Territoriale Internationale\u00bb<\/h2>\n<p>par le Minist\u00e8re de l\u2019Europe et des Affaires \u00c9trang\u00e8res<\/p>\n<p><img decoding=\"async\" class=\"alignnone size-full wp-image-1237\" src=\"https:\/\/interco-international.com\/wp-content\/uploads\/2019\/03\/LOGO-INTERCO-nouvelle-aquitaine-3.svg\" alt=\"logo nouvelle aquitaine\" \/><\/p>\n<p>[\/et_pb_text][\/et_pb_column][et_pb_column type=\u00a0\u00bb1_2&Prime; _builder_version=\u00a0\u00bb3.0.47&Prime;][et_pb_text _builder_version=\u00a0\u00bb3.21&Prime; text_text_color=\u00a0\u00bb#ffffff\u00a0\u00bb]<\/p>\n<p><strong>R\u00e9cemment labellis\u00e9e \u00ab Expertise Territoriale Internationale \u00bb,<\/strong> INTERCO collabore avec de nombreux clusters et p\u00f4les de comp\u00e9titivit\u00e9, en soutien \u00e0 leurs d\u00e9marches \u00e0 l\u2019international ou dans l\u2019accueil et la mise en place de programmes sp\u00e9cifiques pour des d\u00e9l\u00e9gations \u00e9trang\u00e8res en Nouvelle-Aquitaine.<br \/>En effet, riche de <strong>30 ans d\u2019expertise<\/strong>, nous sommes aussi bien en mesure d\u2019accompagner les acteurs r\u00e9gionaux \u00e0 l\u2019international que d\u2019accueillir des professionnels \u00e9trangers \u00e0 la recherche de savoir-faire et d\u2019innovations en Nouvelle-Aquitaine. C\u2019est cette implication dans le rayonnement tous azimuts de nos territoires qui est d\u00e9sormais valid\u00e9e et consacr\u00e9e par ce label. (Et on en est tr\u00e8s fier, avouons-le !)<\/p>\n<p>[\/et_pb_text][\/et_pb_column][\/et_pb_row][\/et_pb_section][et_pb_section fb_built=\u00a0\u00bb1&Prime; admin_label=\u00a0\u00bbFooter\u00a0\u00bb _builder_version=\u00a0\u00bb3.21&Prime; background_color=\u00a0\u00bb#f7f8fc\u00a0\u00bb custom_padding=\u00a0\u00bb0px|0px|0|0px|false|false\u00a0\u00bb animation_direction=\u00a0\u00bbbottom\u00a0\u00bb saved_tabs=\u00a0\u00bball\u00a0\u00bb locked=\u00a0\u00bboff\u00a0\u00bb][et_pb_row use_custom_gutter=\u00a0\u00bbon\u00a0\u00bb gutter_width=\u00a0\u00bb2&Prime; custom_padding=\u00a0\u00bb83px|0px|51.1875px|0px|false|false\u00a0\u00bb _builder_version=\u00a0\u00bb3.0.82&Prime; background_size=\u00a0\u00bbinitial\u00a0\u00bb background_position=\u00a0\u00bbtop_left\u00a0\u00bb background_repeat=\u00a0\u00bbrepeat\u00a0\u00bb][et_pb_column type=\u00a0\u00bb2_3&Prime; _builder_version=\u00a0\u00bb3.0.47&Prime;][et_pb_text _builder_version=\u00a0\u00bb3.21&Prime; text_text_color=\u00a0\u00bb#000000&Prime; header_2_font=\u00a0\u00bb|700|||||||\u00a0\u00bb header_2_text_color=\u00a0\u00bb#c51532&Prime; header_2_font_size=\u00a0\u00bb36px\u00a0\u00bb header_2_line_height=\u00a0\u00bb1.3em\u00a0\u00bb background_size=\u00a0\u00bbinitial\u00a0\u00bb background_position=\u00a0\u00bbtop_left\u00a0\u00bb background_repeat=\u00a0\u00bbrepeat\u00a0\u00bb custom_margin=\u00a0\u00bb||20px|\u00a0\u00bb animation_direction=\u00a0\u00bbbottom\u00a0\u00bb header_font_size__hover=\u00a0\u00bb30px\u00a0\u00bb header_font_size__hover_enabled=\u00a0\u00bb30px\u00a0\u00bb header_letter_spacing__hover=\u00a0\u00bb0px\u00a0\u00bb header_letter_spacing__hover_enabled=\u00a0\u00bb0px\u00a0\u00bb header_text_shadow_style__hover=\u00a0\u00bbnone\u00a0\u00bb header_text_shadow_style__hover_enabled=\u00a0\u00bbnone\u00a0\u00bb header_text_shadow_color__hover=\u00a0\u00bbrgba(0,0,0,0.4)\u00a0\u00bb header_text_shadow_color__hover_enabled=\u00a0\u00bbrgba(0,0,0,0.4)\u00a0\u00bb]<\/p>\n<h2>D\u00e9couvrez toutes nos actions<\/h2>\n<p>[\/et_pb_text][et_pb_text _builder_version=\u00a0\u00bb3.21&Prime; text_text_color=\u00a0\u00bb#000000&Prime; text_font_size=\u00a0\u00bb22px\u00a0\u00bb text_line_height=\u00a0\u00bb1.9em\u00a0\u00bb background_size=\u00a0\u00bbinitial\u00a0\u00bb background_position=\u00a0\u00bbtop_left\u00a0\u00bb background_repeat=\u00a0\u00bbrepeat\u00a0\u00bb locked=\u00a0\u00bboff\u00a0\u00bb]<\/p>\n<p>En savoir plus sur toutes nos actions dans le monde<\/p>\n<p>[\/et_pb_text][\/et_pb_column][et_pb_column type=\u00a0\u00bb1_3&Prime; _builder_version=\u00a0\u00bb3.0.47&Prime;][et_pb_button button_url=\u00a0\u00bbhttps:\/\/interco-international.com\/nos-actions-interco-aquitaine\/\u00a0\u00bb button_text=\u00a0\u00bbvoir la carte\u00a0\u00bb button_alignment=\u00a0\u00bbleft\u00a0\u00bb _builder_version=\u00a0\u00bb3.21&Prime; custom_button=\u00a0\u00bbon\u00a0\u00bb button_text_size=\u00a0\u00bb16px\u00a0\u00bb button_text_color=\u00a0\u00bb#ffffff\u00a0\u00bb button_bg_color=\u00a0\u00bb#C51532&Prime; button_border_width=\u00a0\u00bb10px\u00a0\u00bb button_border_color=\u00a0\u00bb#c51532&Prime; button_border_radius=\u00a0\u00bb100px\u00a0\u00bb button_letter_spacing=\u00a0\u00bb1px\u00a0\u00bb button_font=\u00a0\u00bb|700||on|||||\u00a0\u00bb button_icon=\u00a0\u00bb%%36%%\u00a0\u00bb button_on_hover=\u00a0\u00bboff\u00a0\u00bb box_shadow_style=\u00a0\u00bbpreset1&Prime; box_shadow_vertical=\u00a0\u00bb10px\u00a0\u00bb box_shadow_blur=\u00a0\u00bb50px\u00a0\u00bb box_shadow_spread=\u00a0\u00bb5px\u00a0\u00bb box_shadow_color=\u00a0\u00bbrgba(99,99,99,0.25)\u00a0\u00bb custom_margin=\u00a0\u00bb|||\u00a0\u00bb button_letter_spacing_hover=\u00a0\u00bb2px\u00a0\u00bb locked=\u00a0\u00bboff\u00a0\u00bb button_text_size__hover_enabled=\u00a0\u00bboff\u00a0\u00bb button_one_text_size__hover_enabled=\u00a0\u00bboff\u00a0\u00bb button_two_text_size__hover_enabled=\u00a0\u00bboff\u00a0\u00bb button_text_color__hover_enabled=\u00a0\u00bboff\u00a0\u00bb button_one_text_color__hover_enabled=\u00a0\u00bboff\u00a0\u00bb button_two_text_color__hover_enabled=\u00a0\u00bboff\u00a0\u00bb button_border_width__hover_enabled=\u00a0\u00bboff\u00a0\u00bb button_one_border_width__hover_enabled=\u00a0\u00bboff\u00a0\u00bb button_two_border_width__hover_enabled=\u00a0\u00bboff\u00a0\u00bb button_border_color__hover_enabled=\u00a0\u00bboff\u00a0\u00bb button_one_border_color__hover_enabled=\u00a0\u00bboff\u00a0\u00bb button_two_border_color__hover_enabled=\u00a0\u00bboff\u00a0\u00bb button_border_radius__hover_enabled=\u00a0\u00bboff\u00a0\u00bb button_one_border_radius__hover_enabled=\u00a0\u00bboff\u00a0\u00bb button_two_border_radius__hover_enabled=\u00a0\u00bboff\u00a0\u00bb button_letter_spacing__hover_enabled=\u00a0\u00bbon\u00a0\u00bb button_letter_spacing__hover=\u00a0\u00bb2px\u00a0\u00bb button_one_letter_spacing__hover_enabled=\u00a0\u00bboff\u00a0\u00bb button_two_letter_spacing__hover_enabled=\u00a0\u00bboff\u00a0\u00bb button_bg_color__hover_enabled=\u00a0\u00bboff\u00a0\u00bb button_one_bg_color__hover_enabled=\u00a0\u00bboff\u00a0\u00bb button_two_bg_color__hover_enabled=\u00a0\u00bboff\u00a0\u00bb]<br \/>\n[\/et_pb_button][\/et_pb_column][\/et_pb_row][\/et_pb_section]<\/p>\n","protected":false},"excerpt":{"rendered":"<p>Nouvelle-Aquitaine&#8230;<\/p>\n","protected":false},"author":17,"featured_media":0,"parent":0,"menu_order":0,"comment_status":"closed","ping_status":"closed","template":"templates\/template-poles-de-competitivite.php","meta":{"_acf_changed":false,"_et_pb_use_builder":"on","_et_pb_old_content":"<p>Contenu archive<\/p>","_et_gb_content_width":"","footnotes":""},"class_list":["post-325","page","type-page","status-publish","hentry"],"acf":[],"yoast_head":"<!-- This site is optimized with the Yoast SEO plugin v27.3 - https:\/\/yoast.com\/product\/yoast-seo-wordpress\/ -->\n<title>Fili\u00e8res d\u2019excellence - Interco | Premier site de mise en relation internationale<\/title>\n<meta name=\"robots\" content=\"index, follow, max-snippet:-1, max-image-preview:large, max-video-preview:-1\" \/>\n<link rel=\"canonical\" href=\"https:\/\/interco-international.com\/fr\/filieres-dexcellence-interco\/\" \/>\n<meta property=\"og:locale\" content=\"fr_FR\" \/>\n<meta property=\"og:type\" content=\"article\" \/>\n<meta property=\"og:title\" content=\"Fili\u00e8res d\u2019excellence - Interco | Premier site de mise en relation internationale\" \/>\n<meta property=\"og:description\" content=\"Nouvelle-Aquitaine...\" \/>\n<meta property=\"og:url\" content=\"https:\/\/interco-international.com\/fr\/filieres-dexcellence-interco\/\" \/>\n<meta property=\"og:site_name\" content=\"Interco | Premier site de mise en relation internationale\" \/>\n<meta property=\"article:modified_time\" content=\"2019-04-04T09:49:05+00:00\" \/>\n<meta property=\"og:image\" content=\"https:\/\/interco-international.com\/wp-content\/uploads\/2019\/03\/LOGO-INTERCO-nouvelle-aquitaine-3.svg\" \/>\n<meta name=\"twitter:card\" content=\"summary_large_image\" \/>\n<meta name=\"twitter:label1\" content=\"Dur\u00e9e de lecture estim\u00e9e\" \/>\n\t<meta name=\"twitter:data1\" content=\"6 minutes\" \/>\n<script type=\"application\/ld+json\" class=\"yoast-schema-graph\">{\"@context\":\"https:\\\/\\\/schema.org\",\"@graph\":[{\"@type\":\"WebPage\",\"@id\":\"https:\\\/\\\/interco-international.com\\\/fr\\\/filieres-dexcellence-interco\\\/\",\"url\":\"https:\\\/\\\/interco-international.com\\\/fr\\\/filieres-dexcellence-interco\\\/\",\"name\":\"Fili\u00e8res d\u2019excellence - Interco | Premier site de mise en relation internationale\",\"isPartOf\":{\"@id\":\"https:\\\/\\\/interco-international.com\\\/fr\\\/#website\"},\"primaryImageOfPage\":{\"@id\":\"https:\\\/\\\/interco-international.com\\\/fr\\\/filieres-dexcellence-interco\\\/#primaryimage\"},\"image\":{\"@id\":\"https:\\\/\\\/interco-international.com\\\/fr\\\/filieres-dexcellence-interco\\\/#primaryimage\"},\"thumbnailUrl\":\"https:\\\/\\\/interco-international.com\\\/wp-content\\\/uploads\\\/2019\\\/03\\\/LOGO-INTERCO-nouvelle-aquitaine-3.svg\",\"datePublished\":\"2019-03-04T16:56:38+00:00\",\"dateModified\":\"2019-04-04T09:49:05+00:00\",\"breadcrumb\":{\"@id\":\"https:\\\/\\\/interco-international.com\\\/fr\\\/filieres-dexcellence-interco\\\/#breadcrumb\"},\"inLanguage\":\"fr-FR\",\"potentialAction\":[{\"@type\":\"ReadAction\",\"target\":[\"https:\\\/\\\/interco-international.com\\\/fr\\\/filieres-dexcellence-interco\\\/\"]}]},{\"@type\":\"ImageObject\",\"inLanguage\":\"fr-FR\",\"@id\":\"https:\\\/\\\/interco-international.com\\\/fr\\\/filieres-dexcellence-interco\\\/#primaryimage\",\"url\":\"https:\\\/\\\/interco-international.com\\\/wp-content\\\/uploads\\\/2019\\\/03\\\/LOGO-INTERCO-nouvelle-aquitaine-3.svg\",\"contentUrl\":\"https:\\\/\\\/interco-international.com\\\/wp-content\\\/uploads\\\/2019\\\/03\\\/LOGO-INTERCO-nouvelle-aquitaine-3.svg\"},{\"@type\":\"BreadcrumbList\",\"@id\":\"https:\\\/\\\/interco-international.com\\\/fr\\\/filieres-dexcellence-interco\\\/#breadcrumb\",\"itemListElement\":[{\"@type\":\"ListItem\",\"position\":1,\"name\":\"Accueil\",\"item\":\"https:\\\/\\\/interco-international.com\\\/fr\\\/\"},{\"@type\":\"ListItem\",\"position\":2,\"name\":\"Fili\u00e8res d\u2019excellence\"}]},{\"@type\":\"WebSite\",\"@id\":\"https:\\\/\\\/interco-international.com\\\/fr\\\/#website\",\"url\":\"https:\\\/\\\/interco-international.com\\\/fr\\\/\",\"name\":\"Interco | Premier site de mise en relation internationale\",\"description\":\"Agence de Coop\u00e9ration Internationale Nouvelle-Aquitaine\",\"potentialAction\":[{\"@type\":\"SearchAction\",\"target\":{\"@type\":\"EntryPoint\",\"urlTemplate\":\"https:\\\/\\\/interco-international.com\\\/fr\\\/?s={search_term_string}\"},\"query-input\":{\"@type\":\"PropertyValueSpecification\",\"valueRequired\":true,\"valueName\":\"search_term_string\"}}],\"inLanguage\":\"fr-FR\"}]}<\/script>\n<!-- \/ Yoast SEO plugin. -->","yoast_head_json":{"title":"Fili\u00e8res d\u2019excellence - Interco | Premier site de mise en relation internationale","robots":{"index":"index","follow":"follow","max-snippet":"max-snippet:-1","max-image-preview":"max-image-preview:large","max-video-preview":"max-video-preview:-1"},"canonical":"https:\/\/interco-international.com\/fr\/filieres-dexcellence-interco\/","og_locale":"fr_FR","og_type":"article","og_title":"Fili\u00e8res d\u2019excellence - Interco | Premier site de mise en relation internationale","og_description":"Nouvelle-Aquitaine...","og_url":"https:\/\/interco-international.com\/fr\/filieres-dexcellence-interco\/","og_site_name":"Interco | Premier site de mise en relation internationale","article_modified_time":"2019-04-04T09:49:05+00:00","og_image":[{"url":"https:\/\/interco-international.com\/wp-content\/uploads\/2019\/03\/LOGO-INTERCO-nouvelle-aquitaine-3.svg","type":"","width":"","height":""}],"twitter_card":"summary_large_image","twitter_misc":{"Dur\u00e9e de lecture estim\u00e9e":"6 minutes"},"schema":{"@context":"https:\/\/schema.org","@graph":[{"@type":"WebPage","@id":"https:\/\/interco-international.com\/fr\/filieres-dexcellence-interco\/","url":"https:\/\/interco-international.com\/fr\/filieres-dexcellence-interco\/","name":"Fili\u00e8res d\u2019excellence - Interco | Premier site de mise en relation internationale","isPartOf":{"@id":"https:\/\/interco-international.com\/fr\/#website"},"primaryImageOfPage":{"@id":"https:\/\/interco-international.com\/fr\/filieres-dexcellence-interco\/#primaryimage"},"image":{"@id":"https:\/\/interco-international.com\/fr\/filieres-dexcellence-interco\/#primaryimage"},"thumbnailUrl":"https:\/\/interco-international.com\/wp-content\/uploads\/2019\/03\/LOGO-INTERCO-nouvelle-aquitaine-3.svg","datePublished":"2019-03-04T16:56:38+00:00","dateModified":"2019-04-04T09:49:05+00:00","breadcrumb":{"@id":"https:\/\/interco-international.com\/fr\/filieres-dexcellence-interco\/#breadcrumb"},"inLanguage":"fr-FR","potentialAction":[{"@type":"ReadAction","target":["https:\/\/interco-international.com\/fr\/filieres-dexcellence-interco\/"]}]},{"@type":"ImageObject","inLanguage":"fr-FR","@id":"https:\/\/interco-international.com\/fr\/filieres-dexcellence-interco\/#primaryimage","url":"https:\/\/interco-international.com\/wp-content\/uploads\/2019\/03\/LOGO-INTERCO-nouvelle-aquitaine-3.svg","contentUrl":"https:\/\/interco-international.com\/wp-content\/uploads\/2019\/03\/LOGO-INTERCO-nouvelle-aquitaine-3.svg"},{"@type":"BreadcrumbList","@id":"https:\/\/interco-international.com\/fr\/filieres-dexcellence-interco\/#breadcrumb","itemListElement":[{"@type":"ListItem","position":1,"name":"Accueil","item":"https:\/\/interco-international.com\/fr\/"},{"@type":"ListItem","position":2,"name":"Fili\u00e8res d\u2019excellence"}]},{"@type":"WebSite","@id":"https:\/\/interco-international.com\/fr\/#website","url":"https:\/\/interco-international.com\/fr\/","name":"Interco | Premier site de mise en relation internationale","description":"Agence de Coop\u00e9ration Internationale Nouvelle-Aquitaine","potentialAction":[{"@type":"SearchAction","target":{"@type":"EntryPoint","urlTemplate":"https:\/\/interco-international.com\/fr\/?s={search_term_string}"},"query-input":{"@type":"PropertyValueSpecification","valueRequired":true,"valueName":"search_term_string"}}],"inLanguage":"fr-FR"}]}},"_links":{"self":[{"href":"https:\/\/interco-international.com\/fr\/wp-json\/wp\/v2\/pages\/325","targetHints":{"allow":["GET"]}}],"collection":[{"href":"https:\/\/interco-international.com\/fr\/wp-json\/wp\/v2\/pages"}],"about":[{"href":"https:\/\/interco-international.com\/fr\/wp-json\/wp\/v2\/types\/page"}],"author":[{"embeddable":true,"href":"https:\/\/interco-international.com\/fr\/wp-json\/wp\/v2\/users\/17"}],"replies":[{"embeddable":true,"href":"https:\/\/interco-international.com\/fr\/wp-json\/wp\/v2\/comments?post=325"}],"version-history":[{"count":27,"href":"https:\/\/interco-international.com\/fr\/wp-json\/wp\/v2\/pages\/325\/revisions"}],"predecessor-version":[{"id":1473,"href":"https:\/\/interco-international.com\/fr\/wp-json\/wp\/v2\/pages\/325\/revisions\/1473"}],"wp:attachment":[{"href":"https:\/\/interco-international.com\/fr\/wp-json\/wp\/v2\/media?parent=325"}],"curies":[{"name":"wp","href":"https:\/\/api.w.org\/{rel}","templated":true}]}}