{"id":1811,"date":"2019-05-02T14:31:52","date_gmt":"2019-05-02T12:31:52","guid":{"rendered":"https:\/\/interco-international.com\/filieres-dexcellence\/"},"modified":"2019-05-02T15:12:19","modified_gmt":"2019-05-02T13:12:19","slug":"sectores-de-excelencia","status":"publish","type":"page","link":"https:\/\/interco-international.com\/es\/sectores-de-excelencia\/","title":{"rendered":"Sectores de excelencia"},"content":{"rendered":"<p>[et_pb_section bb_built=\u00bb1&#8243; custom_padding_last_edited=\u00bbon|desktop\u00bb module_id=\u00bbmap-aquitaine\u00bb _builder_version=\u00bb3.20.1&#8243; custom_padding=\u00bb17vh||17vh||true|false\u00bb custom_padding_phone=\u00bb0||0||true|false\u00bb next_background_color=\u00bb#000000&#8243;][et_pb_row _builder_version=\u00bb3.19.18&#8243;][et_pb_column type=\u00bb4_4&#8243;][et_pb_text _builder_version=\u00bb3.21.4&#8243; text_font=\u00bb||||||||\u00bb header_font=\u00bb||||||||\u00bb header_2_font=\u00bb|700|||||||\u00bb header_2_text_color=\u00bb#000000&#8243; header_2_font_size=\u00bb50px\u00bb header_2_font_size_phone=\u00bb50px\u00bb header_2_font_size_last_edited=\u00bbon|phone\u00bb header_3_font=\u00bb||||||||\u00bb header_3_text_align=\u00bbcenter\u00bb header_3_text_color=\u00bb#000000&#8243; header_3_font_size=\u00bb46px\u00bb]<\/p>\n<h2 style=\"text-align: center;\">Nouvelle-Aquitaine<\/h2>\n<p>[\/et_pb_text][\/et_pb_column][\/et_pb_row][et_pb_row _builder_version=\u00bb3.0.48&#8243; background_size=\u00bbinitial\u00bb background_position=\u00bbtop_left\u00bb background_repeat=\u00bbrepeat\u00bb][et_pb_column type=\u00bb1_3&#8243;][et_pb_text _builder_version=\u00bb3.21.4&#8243; text_font=\u00bb|700|||||||\u00bb text_font_size=\u00bb25px\u00bb z_index_tablet=\u00bb500&#8243;]<\/p>\n<p style=\"text-align: center;\"><strong class=\"fs-30\">6 milliones<\/strong><br \/><strong><span class=\"fs14\" style=\"color: #c51532;\">de habitantes <\/span><\/strong><\/p>\n<p>[\/et_pb_text][\/et_pb_column][et_pb_column type=\u00bb1_3&#8243;][et_pb_text _builder_version=\u00bb3.21.4&#8243; text_font=\u00bb|700|||||||\u00bb text_font_size=\u00bb25px\u00bb header_font=\u00bb||||||||\u00bb]<\/p>\n<p style=\"text-align: center;\"><strong class=\"fs-30\">84 000<\/strong><br \/>\n<strong><span class=\"fs14\" style=\"color: #c51532;\">km\u00b2\u00a0<\/span><\/strong><\/p>\n<p>[\/et_pb_text][\/et_pb_column][et_pb_column type=\u00bb1_3&#8243;][et_pb_text _builder_version=\u00bb3.21.4&#8243; text_font=\u00bb|700|||||||\u00bb text_font_size=\u00bb25px\u00bb z_index_tablet=\u00bb500&#8243;]<\/p>\n<p style=\"text-align: center;\"><strong class=\"fs-30\">27 milliones<\/strong><br \/><strong><span class=\"fs14\" style=\"color: #c51532;\">de turistas por a\u00f1o <\/span><\/strong><\/p>\n<p>[\/et_pb_text][\/et_pb_column][\/et_pb_row][\/et_pb_section][et_pb_section bb_built=\u00bb1&#8243; _builder_version=\u00bb3.21&#8243; use_background_color_gradient=\u00bbon\u00bb background_color_gradient_start=\u00bbrgba(197,21,50,0.8)\u00bb background_color_gradient_end=\u00bbrgba(197,21,50,0.8)\u00bb background_color_gradient_overlays_image=\u00bbon\u00bb background_image=\u00bbhttps:\/\/interco-international.com\/wp-content\/uploads\/2019\/03\/interco-poles-de-competitivite.jpg\u00bb border_color_top=\u00bbrgba(197,21,50,0.66)\u00bb border_style_top=\u00bboutset\u00bb border_color_bottom=\u00bbrgba(197,21,50,0.66)\u00bb border_style_bottom=\u00bboutset\u00bb custom_padding=\u00bb12vh||8vh|\u00bb prev_background_color=\u00bb#ffffff\u00bb next_background_color=\u00bb#ffffff\u00bb][et_pb_row custom_padding=\u00bb32.9531px|0px|0|0px|false|false\u00bb disabled_on=\u00bboff|off|off\u00bb module_class=\u00bbd-flex align-items-end\u00bb _builder_version=\u00bb3.21&#8243;][et_pb_column type=\u00bb1_3&#8243;][et_pb_text _builder_version=\u00bb3.21.4&#8243; text_font=\u00bb|700|||||||\u00bb text_text_color=\u00bb#FFFFFF\u00bb text_font_size=\u00bb20px\u00bb text_orientation=\u00bbright\u00bb]<\/p>\n<h3 class=\"p1\"><span class=\"s1\" style=\"color: #ffffff;\">Nouvelle-Aquitaine, la plus vaste r\u00e9gion de France et un formidable potentiel \u00e9conomique \u00e0 promouvoir hors de nos fronti\u00e8res<\/span><\/h3>\n<p>[\/et_pb_text][\/et_pb_column][et_pb_column type=\u00bb2_3&#8243;][et_pb_text disabled_on=\u00bboff|off|off\u00bb _builder_version=\u00bb3.21.4&#8243; text_text_color=\u00bb#ffffff\u00bb link_font=\u00bb|700|||on||||\u00bb link_text_color=\u00bb#ffffff\u00bb header_3_text_color=\u00bb#ffffff\u00bb border_width_left=\u00bb4px\u00bb border_color_left=\u00bb#ffffff\u00bb custom_padding=\u00bb|||30px\u00bb z_index_tablet=\u00bb500&#8243;]<\/p>\n<h3>INTERCO junto al Consejo Regional de Nouvelle-Aquitaine<\/h3>\n<p>El brazo derecho del Consejo Regional en t\u00e9rminos de cooperaci\u00f3n internacional, la agencia act\u00faa en complemento con las acciones de cooperaci\u00f3n descentralizada de la regi\u00f3n en concertaci\u00f3n con los equipos del departamento de exportaci\u00f3n y la divisi\u00f3n Europa e Internacional. Interco se encuentra particularmente en el centro de la internacionalizaci\u00f3n de los dispositivos regionales y es un miembro en pleno derecho del equipo regional Team Export bajo la insignia \u00abConnect International Nouvelle &#8211; Aquitaine\u00bb.<\/p>\n<p><strong>Una estructura peque\u00f1a, flexible y accesible, la agencia es la contraparte t\u00e9cnica de la cooperaci\u00f3n institucional.<\/strong><\/p>\n<p><a class=\"btn-arrow\" href=\"https:\/\/www.nouvelle-aquitaine.fr\/actions\/region-ouverte-au-monde\/developper-cooperations.html#gref\" target=\"_blank\" rel=\"noopener\">Mapa de las cooperaciones descentralizadas de la regi\u00f3n.<\/a><\/p>\n<p>[\/et_pb_text][\/et_pb_column][\/et_pb_row][\/et_pb_section][et_pb_section bb_built=\u00bb1&#8243; _builder_version=\u00bb3.19.18&#8243; border_color_top=\u00bbrgba(197,21,50,0.66)\u00bb border_style_top=\u00bboutset\u00bb border_color_bottom=\u00bbrgba(197,21,50,0.66)\u00bb border_style_bottom=\u00bboutset\u00bb custom_padding=\u00bb5vh||5vh||true|false\u00bb prev_background_color=\u00bb#000000&#8243; next_background_color=\u00bb#c51532&#8243;][et_pb_row _builder_version=\u00bb3.19.18&#8243;][et_pb_column type=\u00bb1_2&#8243;][et_pb_text _builder_version=\u00bb3.21.4&#8243; text_font=\u00bb|700|||||||\u00bb text_text_color=\u00bb#000000&#8243; text_font_size=\u00bb20px\u00bb z_index_tablet=\u00bb500&#8243;]<\/p>\n<ul>\n<li>720 km(s) de costa<\/li>\n<li>22 mil millones de euros en exportaciones<\/li>\n<li>1ra regi\u00f3n agr\u00edcola europea en volumen de negocios<\/li>\n<li>1ra regi\u00f3n en \u00e1reas agr\u00edcolas forestales de Francia metropolitana<\/li>\n<\/ul>\n<p>[\/et_pb_text][\/et_pb_column][et_pb_column type=\u00bb1_2&#8243;][et_pb_text _builder_version=\u00bb3.21.4&#8243; text_font=\u00bb|700|||||||\u00bb text_text_color=\u00bb#000000&#8243; text_font_size=\u00bb20px\u00bb z_index_tablet=\u00bb500&#8243;]<\/p>\n<ul>\n<li>10 ciudades con m\u00e1s de 100,000 habitantes<\/li>\n<li>PIB de 158 mil millones de euros<\/li>\n<li>1ra regi\u00f3n francesa en Investigaci\u00f3n y Desarrollo<\/li>\n<\/ul>\n<p>[\/et_pb_text][\/et_pb_column][\/et_pb_row][\/et_pb_section][et_pb_section bb_built=\u00bb1&#8243; _builder_version=\u00bb3.21&#8243; background_color=\u00bb#c51532&#8243; prev_background_color=\u00bb#ffffff\u00bb next_background_color=\u00bb#f7f8fc\u00bb][et_pb_row _builder_version=\u00bb3.21&#8243;][et_pb_column type=\u00bb1_2&#8243;][et_pb_text _builder_version=\u00bb3.21.4&#8243; text_text_color=\u00bb#ffffff\u00bb header_2_text_color=\u00bb#ffffff\u00bb z_index_tablet=\u00bb500&#8243;]<\/p>\n<h2>INTERCO, especialista reconocido y certificado c\u00f3mo \u00ab Experto Territorial Internacional \u00bb<\/h2>\n<p>por el Ministerio de Europa y Asuntos Exteriores<\/p>\n<p><img decoding=\"async\" class=\"alignnone size-full wp-image-1237\" src=\"https:\/\/interco-international.com\/wp-content\/uploads\/2019\/03\/LOGO-INTERCO-nouvelle-aquitaine-3.svg\" alt=\"logo nouvelle aquitaine\" \/><\/p>\n<p>[\/et_pb_text][\/et_pb_column][et_pb_column type=\u00bb1_2&#8243;][et_pb_text _builder_version=\u00bb3.21.4&#8243; text_text_color=\u00bb#ffffff\u00bb z_index_tablet=\u00bb500&#8243;]<\/p>\n<p><strong>Recientemente denominado \u00abInternational Territorial Expertise\u00bb, <\/strong>INTERCO trabaja en colaboraci\u00f3n con numerosos clusters y polos de competitividad, en apoyo de sus iniciativas internacionales y\/o en la recepci\u00f3n e implementaci\u00f3n de programas espec\u00edficos para delegaciones extranjeras en Nouvelle-Aquitaine.<br \/>De hecho, con <strong>30 a\u00f1os de experiencia<\/strong>, , acompa\u00f1amos a los actores regionales a nivel internacional y damos la bienvenida a profesionales extranjeros que buscan conocimientos t\u00e9cnicos e innovadores en Nouvelle-Aquitaine. Esta implicaci\u00f3n en la valorizaci\u00f3n total de nuestros territorios que ahora est\u00e1 validada por esta insignia. (\u00a1Seamos sinceros, estamos muy orgullosos de ello!)<\/p>\n<p>[\/et_pb_text][\/et_pb_column][\/et_pb_row][\/et_pb_section][et_pb_section bb_built=\u00bb1&#8243; admin_label=\u00bbFooter\u00bb _builder_version=\u00bb3.21&#8243; background_color=\u00bb#f7f8fc\u00bb custom_padding=\u00bb0px|0px|0|0px|false|false\u00bb animation_direction=\u00bbbottom\u00bb saved_tabs=\u00bball\u00bb locked=\u00bboff\u00bb prev_background_color=\u00bb#c51532&#8243;][et_pb_row use_custom_gutter=\u00bbon\u00bb gutter_width=\u00bb2&#8243; custom_padding=\u00bb83px|0px|51.1875px|0px|false|false\u00bb _builder_version=\u00bb3.0.82&#8243; background_size=\u00bbinitial\u00bb background_position=\u00bbtop_left\u00bb background_repeat=\u00bbrepeat\u00bb][et_pb_column type=\u00bb2_3&#8243;][et_pb_text _builder_version=\u00bb3.21.4&#8243; text_text_color=\u00bb#000000&#8243; header_2_font=\u00bb|700|||||||\u00bb header_2_text_color=\u00bb#c51532&#8243; header_2_font_size=\u00bb36px\u00bb header_2_line_height=\u00bb1.3em\u00bb background_size=\u00bbinitial\u00bb background_position=\u00bbtop_left\u00bb background_repeat=\u00bbrepeat\u00bb custom_margin=\u00bb||20px|\u00bb animation_direction=\u00bbbottom\u00bb header_font_size__hover=\u00bb30px\u00bb header_font_size__hover_enabled=\u00bb30px\u00bb header_letter_spacing__hover=\u00bb0px\u00bb header_letter_spacing__hover_enabled=\u00bb0px\u00bb header_text_shadow_style__hover=\u00bbnone\u00bb header_text_shadow_style__hover_enabled=\u00bbnone\u00bb header_text_shadow_color__hover=\u00bbrgba(0,0,0,0.4)\u00bb header_text_shadow_color__hover_enabled=\u00bbrgba(0,0,0,0.4)\u00bb z_index_tablet=\u00bb500&#8243;]<\/p>\n<h2>Descubra todas nuestras acciones<\/h2>\n<p>[\/et_pb_text][et_pb_text _builder_version=\u00bb3.21.4&#8243; text_text_color=\u00bb#000000&#8243; text_font_size=\u00bb22px\u00bb text_line_height=\u00bb1.9em\u00bb background_size=\u00bbinitial\u00bb background_position=\u00bbtop_left\u00bb background_repeat=\u00bbrepeat\u00bb locked=\u00bboff\u00bb z_index_tablet=\u00bb500&#8243;]<\/p>\n<p>M\u00e1s informaci\u00f3n sobre nuestras acciones en el mundo<\/p>\n<p>[\/et_pb_text][\/et_pb_column][et_pb_column type=\u00bb1_3&#8243;][et_pb_button button_url=\u00bb\/?page_id=110&#8243; button_text=\u00bbVer el mapa interactivo\u00bb button_alignment=\u00bbleft\u00bb _builder_version=\u00bb3.21.4&#8243; custom_button=\u00bbon\u00bb button_text_size=\u00bb16px\u00bb button_text_color=\u00bb#ffffff\u00bb button_bg_color=\u00bb#C51532&#8243; button_border_width=\u00bb10px\u00bb button_border_color=\u00bb#c51532&#8243; button_border_radius=\u00bb100px\u00bb button_letter_spacing=\u00bb1px\u00bb button_font=\u00bb|700||on|||||\u00bb button_icon=\u00bb%%36%%\u00bb button_on_hover=\u00bboff\u00bb box_shadow_style=\u00bbpreset1&#8243; box_shadow_vertical=\u00bb10px\u00bb box_shadow_blur=\u00bb50px\u00bb box_shadow_spread=\u00bb5px\u00bb box_shadow_color=\u00bbrgba(99,99,99,0.25)\u00bb custom_margin=\u00bb|||\u00bb button_letter_spacing_hover=\u00bb2px\u00bb locked=\u00bboff\u00bb button_text_size__hover_enabled=\u00bboff\u00bb button_one_text_size__hover_enabled=\u00bboff\u00bb button_two_text_size__hover_enabled=\u00bboff\u00bb button_text_color__hover_enabled=\u00bboff\u00bb button_one_text_color__hover_enabled=\u00bboff\u00bb button_two_text_color__hover_enabled=\u00bboff\u00bb button_border_width__hover_enabled=\u00bboff\u00bb button_one_border_width__hover_enabled=\u00bboff\u00bb button_two_border_width__hover_enabled=\u00bboff\u00bb button_border_color__hover_enabled=\u00bboff\u00bb button_one_border_color__hover_enabled=\u00bboff\u00bb button_two_border_color__hover_enabled=\u00bboff\u00bb button_border_radius__hover_enabled=\u00bboff\u00bb button_one_border_radius__hover_enabled=\u00bboff\u00bb button_two_border_radius__hover_enabled=\u00bboff\u00bb button_letter_spacing__hover_enabled=\u00bbon\u00bb button_letter_spacing__hover=\u00bb2px\u00bb button_one_letter_spacing__hover_enabled=\u00bboff\u00bb button_two_letter_spacing__hover_enabled=\u00bboff\u00bb button_bg_color__hover_enabled=\u00bboff\u00bb button_one_bg_color__hover_enabled=\u00bboff\u00bb button_two_bg_color__hover_enabled=\u00bboff\u00bb z_index_tablet=\u00bb500&#8243;]<\/p>\n<p><\/p>\n<p>[\/et_pb_button][\/et_pb_column][\/et_pb_row][\/et_pb_section]<\/p>\n","protected":false},"excerpt":{"rendered":"<p>Nouvelle-Aquitaine&#8230;<\/p>\n","protected":false},"author":17,"featured_media":0,"parent":0,"menu_order":0,"comment_status":"closed","ping_status":"closed","template":"templates\/template-poles-de-competitivite.php","meta":{"_acf_changed":false,"_et_pb_use_builder":"on","_et_pb_old_content":"<p>Contenu archive<\/p>","_et_gb_content_width":"","footnotes":""},"class_list":["post-1811","page","type-page","status-publish","hentry"],"acf":[],"yoast_head":"<!-- This site is optimized with the Yoast SEO plugin v27.3 - https:\/\/yoast.com\/product\/yoast-seo-wordpress\/ -->\n<title>Sectores de excelencia - Interco | Premier site de mise en relation internationale<\/title>\n<meta name=\"robots\" content=\"index, follow, max-snippet:-1, max-image-preview:large, max-video-preview:-1\" \/>\n<link rel=\"canonical\" href=\"https:\/\/interco-international.com\/es\/sectores-de-excelencia\/\" \/>\n<meta property=\"og:locale\" content=\"es_ES\" \/>\n<meta property=\"og:type\" content=\"article\" \/>\n<meta property=\"og:title\" content=\"Sectores de excelencia - Interco | Premier site de mise en relation internationale\" \/>\n<meta property=\"og:description\" content=\"Nouvelle-Aquitaine...\" \/>\n<meta property=\"og:url\" content=\"https:\/\/interco-international.com\/es\/sectores-de-excelencia\/\" \/>\n<meta property=\"og:site_name\" content=\"Interco | Premier site de mise en relation internationale\" \/>\n<meta property=\"article:modified_time\" content=\"2019-05-02T13:12:19+00:00\" \/>\n<meta property=\"og:image\" content=\"https:\/\/interco-international.com\/wp-content\/uploads\/2019\/03\/LOGO-INTERCO-nouvelle-aquitaine-3.svg\" \/>\n<meta name=\"twitter:card\" content=\"summary_large_image\" \/>\n<meta name=\"twitter:label1\" content=\"Tiempo de lectura\" \/>\n\t<meta name=\"twitter:data1\" content=\"7 minutos\" \/>\n<script type=\"application\/ld+json\" class=\"yoast-schema-graph\">{\"@context\":\"https:\\\/\\\/schema.org\",\"@graph\":[{\"@type\":\"WebPage\",\"@id\":\"https:\\\/\\\/interco-international.com\\\/es\\\/sectores-de-excelencia\\\/\",\"url\":\"https:\\\/\\\/interco-international.com\\\/es\\\/sectores-de-excelencia\\\/\",\"name\":\"Sectores de excelencia - Interco | Premier site de mise en relation internationale\",\"isPartOf\":{\"@id\":\"https:\\\/\\\/interco-international.com\\\/es\\\/#website\"},\"primaryImageOfPage\":{\"@id\":\"https:\\\/\\\/interco-international.com\\\/es\\\/sectores-de-excelencia\\\/#primaryimage\"},\"image\":{\"@id\":\"https:\\\/\\\/interco-international.com\\\/es\\\/sectores-de-excelencia\\\/#primaryimage\"},\"thumbnailUrl\":\"https:\\\/\\\/interco-international.com\\\/wp-content\\\/uploads\\\/2019\\\/03\\\/LOGO-INTERCO-nouvelle-aquitaine-3.svg\",\"datePublished\":\"2019-05-02T12:31:52+00:00\",\"dateModified\":\"2019-05-02T13:12:19+00:00\",\"breadcrumb\":{\"@id\":\"https:\\\/\\\/interco-international.com\\\/es\\\/sectores-de-excelencia\\\/#breadcrumb\"},\"inLanguage\":\"es\",\"potentialAction\":[{\"@type\":\"ReadAction\",\"target\":[\"https:\\\/\\\/interco-international.com\\\/es\\\/sectores-de-excelencia\\\/\"]}]},{\"@type\":\"ImageObject\",\"inLanguage\":\"es\",\"@id\":\"https:\\\/\\\/interco-international.com\\\/es\\\/sectores-de-excelencia\\\/#primaryimage\",\"url\":\"https:\\\/\\\/interco-international.com\\\/wp-content\\\/uploads\\\/2019\\\/03\\\/LOGO-INTERCO-nouvelle-aquitaine-3.svg\",\"contentUrl\":\"https:\\\/\\\/interco-international.com\\\/wp-content\\\/uploads\\\/2019\\\/03\\\/LOGO-INTERCO-nouvelle-aquitaine-3.svg\"},{\"@type\":\"BreadcrumbList\",\"@id\":\"https:\\\/\\\/interco-international.com\\\/es\\\/sectores-de-excelencia\\\/#breadcrumb\",\"itemListElement\":[{\"@type\":\"ListItem\",\"position\":1,\"name\":\"Accueil\",\"item\":\"https:\\\/\\\/interco-international.com\\\/es\\\/\"},{\"@type\":\"ListItem\",\"position\":2,\"name\":\"Sectores de excelencia\"}]},{\"@type\":\"WebSite\",\"@id\":\"https:\\\/\\\/interco-international.com\\\/es\\\/#website\",\"url\":\"https:\\\/\\\/interco-international.com\\\/es\\\/\",\"name\":\"Interco | Premier site de mise en relation internationale\",\"description\":\"Agence de Coop\u00e9ration Internationale Nouvelle-Aquitaine\",\"potentialAction\":[{\"@type\":\"SearchAction\",\"target\":{\"@type\":\"EntryPoint\",\"urlTemplate\":\"https:\\\/\\\/interco-international.com\\\/es\\\/?s={search_term_string}\"},\"query-input\":{\"@type\":\"PropertyValueSpecification\",\"valueRequired\":true,\"valueName\":\"search_term_string\"}}],\"inLanguage\":\"es\"}]}<\/script>\n<!-- \/ Yoast SEO plugin. -->","yoast_head_json":{"title":"Sectores de excelencia - Interco | Premier site de mise en relation internationale","robots":{"index":"index","follow":"follow","max-snippet":"max-snippet:-1","max-image-preview":"max-image-preview:large","max-video-preview":"max-video-preview:-1"},"canonical":"https:\/\/interco-international.com\/es\/sectores-de-excelencia\/","og_locale":"es_ES","og_type":"article","og_title":"Sectores de excelencia - Interco | Premier site de mise en relation internationale","og_description":"Nouvelle-Aquitaine...","og_url":"https:\/\/interco-international.com\/es\/sectores-de-excelencia\/","og_site_name":"Interco | Premier site de mise en relation internationale","article_modified_time":"2019-05-02T13:12:19+00:00","og_image":[{"url":"https:\/\/interco-international.com\/wp-content\/uploads\/2019\/03\/LOGO-INTERCO-nouvelle-aquitaine-3.svg","type":"","width":"","height":""}],"twitter_card":"summary_large_image","twitter_misc":{"Tiempo de lectura":"7 minutos"},"schema":{"@context":"https:\/\/schema.org","@graph":[{"@type":"WebPage","@id":"https:\/\/interco-international.com\/es\/sectores-de-excelencia\/","url":"https:\/\/interco-international.com\/es\/sectores-de-excelencia\/","name":"Sectores de excelencia - Interco | Premier site de mise en relation internationale","isPartOf":{"@id":"https:\/\/interco-international.com\/es\/#website"},"primaryImageOfPage":{"@id":"https:\/\/interco-international.com\/es\/sectores-de-excelencia\/#primaryimage"},"image":{"@id":"https:\/\/interco-international.com\/es\/sectores-de-excelencia\/#primaryimage"},"thumbnailUrl":"https:\/\/interco-international.com\/wp-content\/uploads\/2019\/03\/LOGO-INTERCO-nouvelle-aquitaine-3.svg","datePublished":"2019-05-02T12:31:52+00:00","dateModified":"2019-05-02T13:12:19+00:00","breadcrumb":{"@id":"https:\/\/interco-international.com\/es\/sectores-de-excelencia\/#breadcrumb"},"inLanguage":"es","potentialAction":[{"@type":"ReadAction","target":["https:\/\/interco-international.com\/es\/sectores-de-excelencia\/"]}]},{"@type":"ImageObject","inLanguage":"es","@id":"https:\/\/interco-international.com\/es\/sectores-de-excelencia\/#primaryimage","url":"https:\/\/interco-international.com\/wp-content\/uploads\/2019\/03\/LOGO-INTERCO-nouvelle-aquitaine-3.svg","contentUrl":"https:\/\/interco-international.com\/wp-content\/uploads\/2019\/03\/LOGO-INTERCO-nouvelle-aquitaine-3.svg"},{"@type":"BreadcrumbList","@id":"https:\/\/interco-international.com\/es\/sectores-de-excelencia\/#breadcrumb","itemListElement":[{"@type":"ListItem","position":1,"name":"Accueil","item":"https:\/\/interco-international.com\/es\/"},{"@type":"ListItem","position":2,"name":"Sectores de excelencia"}]},{"@type":"WebSite","@id":"https:\/\/interco-international.com\/es\/#website","url":"https:\/\/interco-international.com\/es\/","name":"Interco | Premier site de mise en relation internationale","description":"Agence de Coop\u00e9ration Internationale Nouvelle-Aquitaine","potentialAction":[{"@type":"SearchAction","target":{"@type":"EntryPoint","urlTemplate":"https:\/\/interco-international.com\/es\/?s={search_term_string}"},"query-input":{"@type":"PropertyValueSpecification","valueRequired":true,"valueName":"search_term_string"}}],"inLanguage":"es"}]}},"_links":{"self":[{"href":"https:\/\/interco-international.com\/es\/wp-json\/wp\/v2\/pages\/1811","targetHints":{"allow":["GET"]}}],"collection":[{"href":"https:\/\/interco-international.com\/es\/wp-json\/wp\/v2\/pages"}],"about":[{"href":"https:\/\/interco-international.com\/es\/wp-json\/wp\/v2\/types\/page"}],"author":[{"embeddable":true,"href":"https:\/\/interco-international.com\/es\/wp-json\/wp\/v2\/users\/17"}],"replies":[{"embeddable":true,"href":"https:\/\/interco-international.com\/es\/wp-json\/wp\/v2\/comments?post=1811"}],"version-history":[{"count":6,"href":"https:\/\/interco-international.com\/es\/wp-json\/wp\/v2\/pages\/1811\/revisions"}],"predecessor-version":[{"id":1906,"href":"https:\/\/interco-international.com\/es\/wp-json\/wp\/v2\/pages\/1811\/revisions\/1906"}],"wp:attachment":[{"href":"https:\/\/interco-international.com\/es\/wp-json\/wp\/v2\/media?parent=1811"}],"curies":[{"name":"wp","href":"https:\/\/api.w.org\/{rel}","templated":true}]}}