{"id":1778,"date":"2019-02-13T14:24:09","date_gmt":"2019-02-13T13:24:09","guid":{"rendered":"https:\/\/interco-international.com\/accueil\/"},"modified":"2026-02-24T15:04:37","modified_gmt":"2026-02-24T14:04:37","slug":"accueil","status":"publish","type":"page","link":"https:\/\/interco-international.com\/es\/","title":{"rendered":"Accueil"},"content":{"rendered":"<p>[et_pb_section fb_built=\u00bb1&#8243; _builder_version=\u00bb4.16&#8243; custom_padding=\u00bb40px|0px|101px|0px|false|false\u00bb global_colors_info=\u00bb{}\u00bb][et_pb_row column_structure=\u00bb1_5,3_5,1_5&#8243; _builder_version=\u00bb4.16&#8243; global_colors_info=\u00bb{}\u00bb][et_pb_column type=\u00bb1_5&#8243; _builder_version=\u00bb4.16&#8243; custom_padding=\u00bb|||\u00bb global_colors_info=\u00bb{}\u00bb custom_padding__hover=\u00bb|||\u00bb][\/et_pb_column][et_pb_column type=\u00bb3_5&#8243; _builder_version=\u00bb4.16&#8243; custom_padding=\u00bb|||\u00bb global_colors_info=\u00bb{}\u00bb custom_padding__hover=\u00bb|||\u00bb][et_pb_text _builder_version=\u00bb4.27.4&#8243; header_2_font=\u00bb|300|||||||\u00bb header_2_line_height=\u00bb1.4em\u00bb z_index_tablet=\u00bb500&#8243; global_colors_info=\u00bb{}\u00bb]<\/p>\n<h2 style=\"text-align: center;\"><img loading=\"lazy\" decoding=\"async\" src=\"https:\/\/interco-international.com\/wp-content\/uploads\/2026\/02\/Capture-decran-2026-02-24-a-14.35.04.png\" width=\"810\" height=\"271\" alt=\"\" class=\"wp-image-9018 aligncenter size-full\" srcset=\"https:\/\/interco-international.com\/wp-content\/uploads\/2026\/02\/Capture-decran-2026-02-24-a-14.35.04.png 810w, https:\/\/interco-international.com\/wp-content\/uploads\/2026\/02\/Capture-decran-2026-02-24-a-14.35.04-300x100.png 300w, https:\/\/interco-international.com\/wp-content\/uploads\/2026\/02\/Capture-decran-2026-02-24-a-14.35.04-768x257.png 768w\" sizes=\"(max-width: 810px) 100vw, 810px\" \/><\/h2>\n<h2 style=\"text-align: center;\">INTERCO<br \/>Su experto internacional<\/h2>\n<p>[\/et_pb_text][et_pb_image src=\u00bbhttps:\/\/interco-international.com\/wp-content\/uploads\/2019\/03\/interco-aquitaine-1.jpg\u00bb align_tablet=\u00bbcenter\u00bb align_phone=\u00bb\u00bb align_last_edited=\u00bbon|desktop\u00bb _builder_version=\u00bb4.16&#8243; custom_margin=\u00bb50px||50px||true\u00bb border_radii=\u00bbon|15px|15px|15px|15px\u00bb box_shadow_style=\u00bbpreset1&#8243; box_shadow_blur=\u00bb69px\u00bb box_shadow_color=\u00bbrgba(0,0,0,0.25)\u00bb global_colors_info=\u00bb{}\u00bb][\/et_pb_image][et_pb_text _builder_version=\u00bb4.16&#8243; custom_padding=\u00bb|||30px\u00bb z_index_tablet=\u00bb500&#8243; border_width_left=\u00bb5px\u00bb border_color_left=\u00bb#C51532&#8243; global_colors_info=\u00bb{}\u00bb]<\/p>\n<h3>Interco le acompa\u00f1a en su desarrollo internacional<\/h3>\n<p>Somos la Agencia de Cooperaci\u00f3n Econ\u00f3mica Internacional de la regi\u00f3n Nouvelle-Aquitaine, e intervenimos de manera conjunta con las empresas e instituciones para facilitar sus iniciativas en el extranjero.<\/p>\n<p>En apoyo de las iniciativas profesionales colectivas, nos ocupamos de todos los aspectos de su desarrollo internacional, desde la identificaci\u00f3n de sus problemas hasta la realizaci\u00f3n operacional de su proyecto con profesionales de la regi\u00f3n Nouvelle-Aquitaine.<\/p>\n<p>Participaci\u00f3n en ferias internacionales, montaje de conferencias y\/o congresos, organizaci\u00f3n de visitas t\u00e9cnicas, elaboraci\u00f3n de reuniones BtoB. Nos encargamos de todo, incluida la log\u00edstica \u00a1y tambi\u00e9n le acompa\u00f1amos en el terreno! Nunca le dejamos solo en terrenos desconocidas, \u00a1estamos a su lado como un verdadero experto internacional!<\/p>\n<p>[\/et_pb_text][et_pb_text _builder_version=\u00bb4.16&#8243; custom_margin=\u00bb9vh||||false\u00bb link_option_url=\u00bbvocation\u00bb z_index_tablet=\u00bb500&#8243; global_colors_info=\u00bb{}\u00bb]<\/p>\n<p style=\"text-align: center;\"><a class=\"btn-arrow bkg-red\" title=\"Notre vocation Interco\" href=\"https:\/\/interco-international.com\/es\/nos-metiers\/\">M\u00e1s informaci\u00f3n + <\/a><\/p>\n<p>[\/et_pb_text][\/et_pb_column][et_pb_column type=\u00bb1_5&#8243; _builder_version=\u00bb4.16&#8243; custom_padding=\u00bb|||\u00bb global_colors_info=\u00bb{}\u00bb custom_padding__hover=\u00bb|||\u00bb][\/et_pb_column][\/et_pb_row][\/et_pb_section][et_pb_section fb_built=\u00bb1&#8243; _builder_version=\u00bb4.16&#8243; use_background_color_gradient=\u00bbon\u00bb background_color_gradient_stops=\u00bbrgba(48,44,59,0.91) 0%|rgba(48,44,59,0.96) 100%\u00bb background_color_gradient_overlays_image=\u00bbon\u00bb background_color_gradient_start=\u00bbrgba(48,44,59,0.91)\u00bb background_color_gradient_end=\u00bbrgba(48,44,59,0.96)\u00bb background_image=\u00bbhttps:\/\/interco-international.com\/wp-content\/uploads\/2019\/03\/55c53e52-fd17-4fdf-b9a1-d14d30110b5dinterco-aquitaine-agence-de-relations-internationale.jpg\u00bb global_colors_info=\u00bb{}\u00bb][et_pb_row _builder_version=\u00bb4.16&#8243; global_colors_info=\u00bb{}\u00bb][et_pb_column type=\u00bb4_4&#8243; _builder_version=\u00bb4.16&#8243; custom_padding=\u00bb|||\u00bb global_colors_info=\u00bb{}\u00bb custom_padding__hover=\u00bb|||\u00bb][et_pb_text _builder_version=\u00bb4.16&#8243; header_2_font=\u00bb|300||on|||||\u00bb header_2_text_color=\u00bb#ffffff\u00bb header_2_font_size=\u00bb53px\u00bb z_index_tablet=\u00bb500&#8243; global_colors_info=\u00bb{}\u00bb]<\/p>\n<h2 style=\"text-align: center;\">NUESTRAS MISIONES<\/h2>\n<p>[\/et_pb_text][\/et_pb_column][\/et_pb_row][et_pb_row column_structure=\u00bb1_3,1_3,1_3&#8243; _builder_version=\u00bb4.16&#8243; global_colors_info=\u00bb{}\u00bb][et_pb_column type=\u00bb1_3&#8243; _builder_version=\u00bb4.16&#8243; custom_padding=\u00bb|||\u00bb global_colors_info=\u00bb{}\u00bb custom_padding__hover=\u00bb|||\u00bb][et_pb_text _builder_version=\u00bb4.16&#8243; text_text_color=\u00bb#ffffff\u00bb header_2_font=\u00bb|300||on|||||\u00bb header_2_text_color=\u00bb#ffffff\u00bb header_2_font_size=\u00bb53px\u00bb header_4_font=\u00bb|300|||||||\u00bb header_4_text_color=\u00bb#ffffff\u00bb header_4_font_size=\u00bb37px\u00bb z_index_tablet=\u00bb500&#8243; global_colors_info=\u00bb{}\u00bb]<\/p>\n<h4 style=\"text-align: center;\">Antes<\/h4>\n<p style=\"text-align: center;\">Para conocerlo mejor<\/p>\n<p>[\/et_pb_text][\/et_pb_column][et_pb_column type=\u00bb1_3&#8243; _builder_version=\u00bb4.16&#8243; custom_padding=\u00bb|||\u00bb global_colors_info=\u00bb{}\u00bb custom_padding__hover=\u00bb|||\u00bb][et_pb_text _builder_version=\u00bb4.16&#8243; text_text_color=\u00bb#ffffff\u00bb header_2_font=\u00bb|300||on|||||\u00bb header_2_text_color=\u00bb#ffffff\u00bb header_2_font_size=\u00bb53px\u00bb header_4_font=\u00bb|300|||||||\u00bb header_4_text_color=\u00bb#ffffff\u00bb header_4_font_size=\u00bb37px\u00bb z_index_tablet=\u00bb500&#8243; global_colors_info=\u00bb{}\u00bb]<\/p>\n<h4 style=\"text-align: center;\">En el terreno<\/h4>\n<p style=\"text-align: center;\">Para acompa\u00f1arlo<\/p>\n<p>[\/et_pb_text][\/et_pb_column][et_pb_column type=\u00bb1_3&#8243; _builder_version=\u00bb4.16&#8243; custom_padding=\u00bb|||\u00bb global_colors_info=\u00bb{}\u00bb custom_padding__hover=\u00bb|||\u00bb][et_pb_text _builder_version=\u00bb4.16&#8243; text_text_color=\u00bb#ffffff\u00bb header_2_font=\u00bb|300||on|||||\u00bb header_2_text_color=\u00bb#ffffff\u00bb header_2_font_size=\u00bb53px\u00bb header_4_font=\u00bb|300|||||||\u00bb header_4_text_color=\u00bb#ffffff\u00bb header_4_font_size=\u00bb37px\u00bb z_index_tablet=\u00bb500&#8243; global_colors_info=\u00bb{}\u00bb]<\/p>\n<h4 style=\"text-align: center;\">Despu\u00e9s<\/h4>\n<p style=\"text-align: center;\">Para prolongar sus acciones<\/p>\n<p>[\/et_pb_text][\/et_pb_column][\/et_pb_row][\/et_pb_section][et_pb_section fb_built=\u00bb1&#8243; _builder_version=\u00bb4.16&#8243; custom_padding=\u00bb102.391px|0px|41px|0px|false|false\u00bb global_colors_info=\u00bb{}\u00bb][et_pb_row _builder_version=\u00bb4.16&#8243; custom_padding=\u00bb51.1875px|0px|0|0px|false|false\u00bb global_colors_info=\u00bb{}\u00bb][et_pb_column type=\u00bb4_4&#8243; _builder_version=\u00bb4.16&#8243; custom_padding=\u00bb|||\u00bb global_colors_info=\u00bb{}\u00bb custom_padding__hover=\u00bb|||\u00bb][et_pb_text _builder_version=\u00bb4.16&#8243; text_font_size=\u00bb36px\u00bb header_4_font_size=\u00bb29px\u00bb z_index_tablet=\u00bb500&#8243; global_colors_info=\u00bb{}\u00bb]<\/p>\n<h4 class=\"p1\">INTERCO, un enfoque original y pragm\u00e1tico del<br \/> <span style=\"color: #c51532;\"><strong>mundo internacional con acciones en el terreno.<\/strong><\/span><\/h4>\n<p>[\/et_pb_text][\/et_pb_column][\/et_pb_row][\/et_pb_section][et_pb_section fb_built=\u00bb1&#8243; _builder_version=\u00bb4.16&#8243; custom_padding=\u00bb22px|0px|95px|0px|false|false\u00bb global_colors_info=\u00bb{}\u00bb][et_pb_row column_structure=\u00bb1_2,1_2&#8243; _builder_version=\u00bb4.16&#8243; custom_padding=\u00bb0|0px|7px|0px|false|false\u00bb global_colors_info=\u00bb{}\u00bb][et_pb_column type=\u00bb1_2&#8243; _builder_version=\u00bb4.16&#8243; custom_padding=\u00bb|||\u00bb global_colors_info=\u00bb{}\u00bb custom_padding__hover=\u00bb|||\u00bb][et_pb_text _builder_version=\u00bb4.16&#8243; z_index_tablet=\u00bb500&#8243; global_colors_info=\u00bb{}\u00bb]<\/p>\n<h3>30 a\u00f1os de experiencia<br \/><img decoding=\"async\" src=\"https:\/\/interco-international.com\/wp-content\/uploads\/2019\/03\/separateur.svg\" width=\"undefined\" height=\"undefined\" alt=\"\" class=\"wp-image-457 alignnone size-full\" style=\"font-size: 18px; font-weight: 100; font-family: sans-serif;\"><\/h3>\n<p>\u00bfEs usted empresario, miembro de un sindicato, o representante de una instituci\u00f3n? Durante casi 30 a\u00f1os, INTERCO, con el apoyo de la Regi\u00f3n de Nouvelle-Aquitaine, ha estado dise\u00f1ando, desarrollando, organizando y evaluando estrategias a medida. <\/p>\n<p>[\/et_pb_text][\/et_pb_column][et_pb_column type=\u00bb1_2&#8243; _builder_version=\u00bb4.16&#8243; custom_padding=\u00bb|||\u00bb global_colors_info=\u00bb{}\u00bb custom_padding__hover=\u00bb|||\u00bb][et_pb_text _builder_version=\u00bb4.16&#8243; z_index_tablet=\u00bb500&#8243; global_colors_info=\u00bb{}\u00bb]<\/p>\n<h3>Un equipo todo terreno<br \/><img decoding=\"async\" src=\"https:\/\/interco-international.com\/wp-content\/uploads\/2019\/03\/separateur.svg\" width=\"undefined\" height=\"undefined\" alt=\"\" class=\"wp-image-457 alignnone size-full\" style=\"font-size: 18px; font-weight: 100; font-family: sans-serif;\"><\/h3>\n<p>Reactivas y profesionales, nuestro equipo pol\u00edglota (franc\u00e9s, ingl\u00e9s, espa\u00f1ol, portugu\u00e9s) ha forjado su experiencia. Defendemos una visi\u00f3n operativa de nuestras acciones porque estamos convencidas de que el pragmatismo, el conocimiento de las especificidades locales y la creatividad permiten una mejor eficiencia<\/p>\n<p>[\/et_pb_text][\/et_pb_column][\/et_pb_row][\/et_pb_section][et_pb_section fb_built=\u00bb1&#8243; _builder_version=\u00bb4.16&#8243; background_color=\u00bb#c51532&#8243; custom_padding=\u00bb0|0px|0|0px|false|false\u00bb global_colors_info=\u00bb{}\u00bb][et_pb_row column_structure=\u00bb1_2,1_2&#8243; module_class=\u00bbd-flex\u00bb _builder_version=\u00bb4.16&#8243; custom_padding=\u00bb0|0px|0|0px|false|false\u00bb global_colors_info=\u00bb{}\u00bb][et_pb_column type=\u00bb1_2&#8243; _builder_version=\u00bb4.16&#8243; custom_padding=\u00bb|||\u00bb global_colors_info=\u00bb{}\u00bb custom_padding__hover=\u00bb|||\u00bb][et_pb_text _builder_version=\u00bb4.16&#8243; text_text_color=\u00bb#ffffff\u00bb header_3_text_color=\u00bb#ffffff\u00bb custom_padding=\u00bb7vh||7vh||true\u00bb z_index_tablet=\u00bb500&#8243; global_colors_info=\u00bb{}\u00bb]<\/p>\n<h3 class=\"p1\"><span class=\"s1\">Un contacto humano, ante todo<\/span><\/h3>\n<p>Al tomarnos el tiempo de conocer a nuestros interlocutores, de escuchar sus preguntas, de plantear sus posibles inquietudes es que podemos identificar para ellos los contactos m\u00e1s adecuados para un relacionamiento directo.<\/p>\n<p>INTERCO se adapta, nuestro equipo es experimentado, astuto y nuestras soluciones est\u00e1n espec\u00edficamente dise\u00f1adas para responder a sus problemas. No hay respuesta est\u00e1ndar aqu\u00ed. \u00a1Nuestra experiencia internacional est\u00e1 hecha a su medida!<\/p>\n<p>[\/et_pb_text][\/et_pb_column][et_pb_column type=\u00bb1_2&#8243; _builder_version=\u00bb4.16&#8243; background_image=\u00bbhttps:\/\/interco-international.com\/wp-content\/uploads\/2019\/03\/IMG-20181203-WA0005interco-aquitaine-agence-de-relations-internationale.jpg\u00bb custom_padding=\u00bb|||\u00bb global_colors_info=\u00bb{}\u00bb custom_padding__hover=\u00bb|||\u00bb][\/et_pb_column][\/et_pb_row][\/et_pb_section][et_pb_section fb_built=\u00bb1&#8243; _builder_version=\u00bb4.16&#8243; global_colors_info=\u00bb{}\u00bb][et_pb_row _builder_version=\u00bb4.16&#8243; global_colors_info=\u00bb{}\u00bb][et_pb_column type=\u00bb4_4&#8243; _builder_version=\u00bb4.16&#8243; custom_padding=\u00bb|||\u00bb global_colors_info=\u00bb{}\u00bb custom_padding__hover=\u00bb|||\u00bb][et_pb_text _builder_version=\u00bb4.16&#8243; header_2_font=\u00bb|300||on|||||\u00bb header_2_font_size=\u00bb50px\u00bb header_2_line_height=\u00bb1.4em\u00bb custom_padding=\u00bb||41px\u00bb z_index_tablet=\u00bb500&#8243; global_colors_info=\u00bb{}\u00bb]<\/p>\n<h2 style=\"text-align: center;\">ACTUALIDADES<\/h2>\n<p>[\/et_pb_text][et_pb_blog fullwidth=\u00bboff\u00bb posts_number=\u00bb3&#8243; show_more=\u00bbon\u00bb show_author=\u00bboff\u00bb show_date=\u00bboff\u00bb show_pagination=\u00bboff\u00bb masonry_tile_background_color=\u00bb#c51532&#8243; _builder_version=\u00bb4.16&#8243; header_font=\u00bb|600|||||||\u00bb header_text_color=\u00bb#ffffff\u00bb header_line_height=\u00bb1.2em\u00bb body_text_color=\u00bb#ffffff\u00bb body_font_size=\u00bb16&#8243; header_font_size_tablet=\u00bb\u00bb header_font_size_phone=\u00bb\u00bb header_font_size_last_edited=\u00bbon|phone\u00bb border_radii=\u00bbon|15px|15px|15px|15px\u00bb box_shadow_style=\u00bbpreset1&#8243; box_shadow_blur=\u00bb41px\u00bb global_colors_info=\u00bb{}\u00bb][\/et_pb_blog][\/et_pb_column][\/et_pb_row][\/et_pb_section][et_pb_section fb_built=\u00bb1&#8243; _builder_version=\u00bb4.16&#8243; background_color=\u00bb#C51532&#8243; custom_padding=\u00bb0|0px|0|0px|false|false\u00bb global_colors_info=\u00bb{}\u00bb][et_pb_row column_structure=\u00bb1_2,1_2&#8243; module_class=\u00bbd-flex\u00bb _builder_version=\u00bb4.16&#8243; custom_padding=\u00bb0|0px|0|0px|false|false\u00bb global_colors_info=\u00bb{}\u00bb][et_pb_column type=\u00bb1_2&#8243; _builder_version=\u00bb4.16&#8243; background_image=\u00bbhttps:\/\/interco-international.com\/wp-content\/uploads\/2019\/03\/aquitanimatours3-interco.jpg\u00bb custom_padding=\u00bb|||\u00bb global_colors_info=\u00bb{}\u00bb custom_padding__hover=\u00bb|||\u00bb][\/et_pb_column][et_pb_column type=\u00bb1_2&#8243; _builder_version=\u00bb4.16&#8243; custom_padding=\u00bb|||\u00bb global_colors_info=\u00bb{}\u00bb custom_padding__hover=\u00bb|||\u00bb][et_pb_text _builder_version=\u00bb4.16&#8243; text_text_color=\u00bb#ffffff\u00bb header_3_font=\u00bb|300|||||||\u00bb header_3_text_color=\u00bb#ffffff\u00bb custom_padding=\u00bb7vh||1vh||false\u00bb z_index_tablet=\u00bb500&#8243; global_colors_info=\u00bb{}\u00bb]<\/p>\n<h3 class=\"p1\">Interco, un actor importante al servicio de la valorizaci\u00f3n y proyecci\u00f3n de la regi\u00f3n Nouvelle-Aquitaine en el extranjero.<\/h3>\n<p>Hist\u00f3ricamente centrado en cuestiones relacionadas con colaboraciones e intercambios de conocimientos en el campo agr\u00edcola, el campo de intervenci\u00f3n de INTERCO se ha extendido a todos los sectores de excelencia de la regi\u00f3n de Nouvelle-Aquitaine. Ampliando sus acciones con el sector vitivin\u00edcola, hortofrut\u00edcola, forestal y ganadero se han ido sumando misiones en el \u00e1mbito del turismo, la industria, los servicios y el desarrollo sostenible&#8230;<\/p>\n<p>Una experiencia multisectorial que permite a nuestro equipo desplegar sus habilidades y cruzar sus redes profesionales para crear nuevos v\u00ednculos entre las empresas.<\/p>\n<p>[\/et_pb_text][et_pb_button button_url=\u00bbhttps:\/\/interco-international.com\/nos-metiers\/\u00bb button_text=\u00bbDescubrir nuestras actividades\u00bb button_alignment=\u00bbleft\u00bb _builder_version=\u00bb4.16&#8243; custom_button=\u00bbon\u00bb button_text_size=\u00bb16px\u00bb button_text_color=\u00bb#ffffff\u00bb button_bg_color=\u00bb#C51532&#8243; button_border_width=\u00bb1px\u00bb button_border_color=\u00bb#ffffff\u00bb button_border_radius=\u00bb100px\u00bb button_letter_spacing=\u00bb1px\u00bb button_font=\u00bb|700||on|||||\u00bb button_icon=\u00bb&#x45;||divi||400&#8243; button_on_hover=\u00bboff\u00bb custom_margin=\u00bb||15vh||false\u00bb custom_padding=\u00bb18px|50px|18px|24px|true|false\u00bb z_index_tablet=\u00bb500&#8243; box_shadow_style=\u00bbpreset1&#8243; box_shadow_vertical=\u00bb10px\u00bb box_shadow_blur=\u00bb50px\u00bb box_shadow_spread=\u00bb5px\u00bb box_shadow_color=\u00bbrgba(99,99,99,0.25)\u00bb button_letter_spacing_hover=\u00bb2px\u00bb locked=\u00bboff\u00bb global_colors_info=\u00bb{}\u00bb button_text_size__hover_enabled=\u00bboff\u00bb button_one_text_size__hover_enabled=\u00bboff\u00bb button_two_text_size__hover_enabled=\u00bboff\u00bb button_text_color__hover_enabled=\u00bboff\u00bb button_one_text_color__hover_enabled=\u00bboff\u00bb button_two_text_color__hover_enabled=\u00bboff\u00bb button_border_width__hover_enabled=\u00bboff\u00bb button_one_border_width__hover_enabled=\u00bboff\u00bb button_two_border_width__hover_enabled=\u00bboff\u00bb button_border_color__hover_enabled=\u00bboff\u00bb button_one_border_color__hover_enabled=\u00bboff\u00bb button_two_border_color__hover_enabled=\u00bboff\u00bb button_border_radius__hover_enabled=\u00bboff\u00bb button_one_border_radius__hover_enabled=\u00bboff\u00bb button_two_border_radius__hover_enabled=\u00bboff\u00bb button_letter_spacing__hover_enabled=\u00bbon\u00bb button_letter_spacing__hover=\u00bb1px\u00bb button_one_letter_spacing__hover_enabled=\u00bboff\u00bb button_two_letter_spacing__hover_enabled=\u00bboff\u00bb button_bg_color__hover_enabled=\u00bboff\u00bb button_one_bg_color__hover_enabled=\u00bboff\u00bb button_two_bg_color__hover_enabled=\u00bboff\u00bb][\/et_pb_button][\/et_pb_column][\/et_pb_row][\/et_pb_section]<\/p>\n","protected":false},"excerpt":{"rendered":"<p>INTERCOSu experto&#8230;<\/p>\n","protected":false},"author":17,"featured_media":0,"parent":0,"menu_order":0,"comment_status":"closed","ping_status":"closed","template":"templates\/template-home.php","meta":{"_acf_changed":false,"_et_pb_use_builder":"on","_et_pb_old_content":"","_et_gb_content_width":"","footnotes":""},"class_list":["post-1778","page","type-page","status-publish","hentry"],"acf":[],"yoast_head":"<!-- This site is optimized with the Yoast SEO plugin v27.3 - https:\/\/yoast.com\/product\/yoast-seo-wordpress\/ -->\n<title>Accueil - Interco | Premier site de mise en relation internationale<\/title>\n<meta name=\"robots\" content=\"index, follow, max-snippet:-1, max-image-preview:large, max-video-preview:-1\" \/>\n<link rel=\"canonical\" href=\"https:\/\/interco-international.com\/es\/\" \/>\n<meta property=\"og:locale\" content=\"es_ES\" \/>\n<meta property=\"og:type\" content=\"article\" \/>\n<meta property=\"og:title\" content=\"Accueil - Interco | Premier site de mise en relation internationale\" \/>\n<meta property=\"og:description\" content=\"INTERCOSu experto...\" \/>\n<meta property=\"og:url\" content=\"https:\/\/interco-international.com\/es\/\" \/>\n<meta property=\"og:site_name\" content=\"Interco | Premier site de mise en relation internationale\" \/>\n<meta property=\"article:modified_time\" content=\"2026-02-24T14:04:37+00:00\" \/>\n<meta property=\"og:image\" content=\"https:\/\/interco-international.com\/wp-content\/uploads\/2026\/02\/Capture-decran-2026-02-24-a-14.35.04.png\" \/>\n\t<meta property=\"og:image:width\" content=\"810\" \/>\n\t<meta property=\"og:image:height\" content=\"271\" \/>\n\t<meta property=\"og:image:type\" content=\"image\/png\" \/>\n<meta name=\"twitter:card\" content=\"summary_large_image\" \/>\n<meta name=\"twitter:label1\" content=\"Tiempo de lectura\" \/>\n\t<meta name=\"twitter:data1\" content=\"4 minutos\" \/>\n<script type=\"application\/ld+json\" class=\"yoast-schema-graph\">{\"@context\":\"https:\\\/\\\/schema.org\",\"@graph\":[{\"@type\":\"WebPage\",\"@id\":\"https:\\\/\\\/interco-international.com\\\/es\\\/\",\"url\":\"https:\\\/\\\/interco-international.com\\\/es\\\/\",\"name\":\"Accueil - Interco | Premier site de mise en relation internationale\",\"isPartOf\":{\"@id\":\"https:\\\/\\\/interco-international.com\\\/es\\\/#website\"},\"primaryImageOfPage\":{\"@id\":\"https:\\\/\\\/interco-international.com\\\/es\\\/#primaryimage\"},\"image\":{\"@id\":\"https:\\\/\\\/interco-international.com\\\/es\\\/#primaryimage\"},\"thumbnailUrl\":\"https:\\\/\\\/interco-international.com\\\/wp-content\\\/uploads\\\/2026\\\/02\\\/Capture-decran-2026-02-24-a-14.35.04.png\",\"datePublished\":\"2019-02-13T13:24:09+00:00\",\"dateModified\":\"2026-02-24T14:04:37+00:00\",\"breadcrumb\":{\"@id\":\"https:\\\/\\\/interco-international.com\\\/es\\\/#breadcrumb\"},\"inLanguage\":\"es\",\"potentialAction\":[{\"@type\":\"ReadAction\",\"target\":[\"https:\\\/\\\/interco-international.com\\\/es\\\/\"]}]},{\"@type\":\"ImageObject\",\"inLanguage\":\"es\",\"@id\":\"https:\\\/\\\/interco-international.com\\\/es\\\/#primaryimage\",\"url\":\"https:\\\/\\\/interco-international.com\\\/wp-content\\\/uploads\\\/2026\\\/02\\\/Capture-decran-2026-02-24-a-14.35.04.png\",\"contentUrl\":\"https:\\\/\\\/interco-international.com\\\/wp-content\\\/uploads\\\/2026\\\/02\\\/Capture-decran-2026-02-24-a-14.35.04.png\"},{\"@type\":\"BreadcrumbList\",\"@id\":\"https:\\\/\\\/interco-international.com\\\/es\\\/#breadcrumb\",\"itemListElement\":[{\"@type\":\"ListItem\",\"position\":1,\"name\":\"Accueil\",\"item\":\"https:\\\/\\\/interco-international.com\\\/es\\\/\"},{\"@type\":\"ListItem\",\"position\":2,\"name\":\"Accueil\"}]},{\"@type\":\"WebSite\",\"@id\":\"https:\\\/\\\/interco-international.com\\\/es\\\/#website\",\"url\":\"https:\\\/\\\/interco-international.com\\\/es\\\/\",\"name\":\"Interco | Premier site de mise en relation internationale\",\"description\":\"Agence de Coop\u00e9ration Internationale Nouvelle-Aquitaine\",\"potentialAction\":[{\"@type\":\"SearchAction\",\"target\":{\"@type\":\"EntryPoint\",\"urlTemplate\":\"https:\\\/\\\/interco-international.com\\\/es\\\/?s={search_term_string}\"},\"query-input\":{\"@type\":\"PropertyValueSpecification\",\"valueRequired\":true,\"valueName\":\"search_term_string\"}}],\"inLanguage\":\"es\"}]}<\/script>\n<!-- \/ Yoast SEO plugin. -->","yoast_head_json":{"title":"Accueil - Interco | Premier site de mise en relation internationale","robots":{"index":"index","follow":"follow","max-snippet":"max-snippet:-1","max-image-preview":"max-image-preview:large","max-video-preview":"max-video-preview:-1"},"canonical":"https:\/\/interco-international.com\/es\/","og_locale":"es_ES","og_type":"article","og_title":"Accueil - Interco | Premier site de mise en relation internationale","og_description":"INTERCOSu experto...","og_url":"https:\/\/interco-international.com\/es\/","og_site_name":"Interco | Premier site de mise en relation internationale","article_modified_time":"2026-02-24T14:04:37+00:00","og_image":[{"width":810,"height":271,"url":"https:\/\/interco-international.com\/wp-content\/uploads\/2026\/02\/Capture-decran-2026-02-24-a-14.35.04.png","type":"image\/png"}],"twitter_card":"summary_large_image","twitter_misc":{"Tiempo de lectura":"4 minutos"},"schema":{"@context":"https:\/\/schema.org","@graph":[{"@type":"WebPage","@id":"https:\/\/interco-international.com\/es\/","url":"https:\/\/interco-international.com\/es\/","name":"Accueil - Interco | Premier site de mise en relation internationale","isPartOf":{"@id":"https:\/\/interco-international.com\/es\/#website"},"primaryImageOfPage":{"@id":"https:\/\/interco-international.com\/es\/#primaryimage"},"image":{"@id":"https:\/\/interco-international.com\/es\/#primaryimage"},"thumbnailUrl":"https:\/\/interco-international.com\/wp-content\/uploads\/2026\/02\/Capture-decran-2026-02-24-a-14.35.04.png","datePublished":"2019-02-13T13:24:09+00:00","dateModified":"2026-02-24T14:04:37+00:00","breadcrumb":{"@id":"https:\/\/interco-international.com\/es\/#breadcrumb"},"inLanguage":"es","potentialAction":[{"@type":"ReadAction","target":["https:\/\/interco-international.com\/es\/"]}]},{"@type":"ImageObject","inLanguage":"es","@id":"https:\/\/interco-international.com\/es\/#primaryimage","url":"https:\/\/interco-international.com\/wp-content\/uploads\/2026\/02\/Capture-decran-2026-02-24-a-14.35.04.png","contentUrl":"https:\/\/interco-international.com\/wp-content\/uploads\/2026\/02\/Capture-decran-2026-02-24-a-14.35.04.png"},{"@type":"BreadcrumbList","@id":"https:\/\/interco-international.com\/es\/#breadcrumb","itemListElement":[{"@type":"ListItem","position":1,"name":"Accueil","item":"https:\/\/interco-international.com\/es\/"},{"@type":"ListItem","position":2,"name":"Accueil"}]},{"@type":"WebSite","@id":"https:\/\/interco-international.com\/es\/#website","url":"https:\/\/interco-international.com\/es\/","name":"Interco | Premier site de mise en relation internationale","description":"Agence de Coop\u00e9ration Internationale Nouvelle-Aquitaine","potentialAction":[{"@type":"SearchAction","target":{"@type":"EntryPoint","urlTemplate":"https:\/\/interco-international.com\/es\/?s={search_term_string}"},"query-input":{"@type":"PropertyValueSpecification","valueRequired":true,"valueName":"search_term_string"}}],"inLanguage":"es"}]}},"_links":{"self":[{"href":"https:\/\/interco-international.com\/es\/wp-json\/wp\/v2\/pages\/1778","targetHints":{"allow":["GET"]}}],"collection":[{"href":"https:\/\/interco-international.com\/es\/wp-json\/wp\/v2\/pages"}],"about":[{"href":"https:\/\/interco-international.com\/es\/wp-json\/wp\/v2\/types\/page"}],"author":[{"embeddable":true,"href":"https:\/\/interco-international.com\/es\/wp-json\/wp\/v2\/users\/17"}],"replies":[{"embeddable":true,"href":"https:\/\/interco-international.com\/es\/wp-json\/wp\/v2\/comments?post=1778"}],"version-history":[{"count":4,"href":"https:\/\/interco-international.com\/es\/wp-json\/wp\/v2\/pages\/1778\/revisions"}],"predecessor-version":[{"id":9038,"href":"https:\/\/interco-international.com\/es\/wp-json\/wp\/v2\/pages\/1778\/revisions\/9038"}],"wp:attachment":[{"href":"https:\/\/interco-international.com\/es\/wp-json\/wp\/v2\/media?parent=1778"}],"curies":[{"name":"wp","href":"https:\/\/api.w.org\/{rel}","templated":true}]}}